{"id":575,"date":"2018-10-12T06:12:45","date_gmt":"2018-10-12T06:12:45","guid":{"rendered":"http:\/\/darocivt.hu\/?page_id=575"},"modified":"2018-10-12T06:21:41","modified_gmt":"2018-10-12T06:21:41","slug":"gdpr","status":"publish","type":"page","link":"https:\/\/darocivt.hu\/?page_id=575","title":{"rendered":"GDPR"},"content":{"rendered":"<p><a href=\"http:\/\/darocivt.hu\/wp-content\/uploads\/2018\/10\/Dar\u00f3ci-Vt-Adatkezel\u00e9si-Szab\u00e1lyzata-TERVEZET-2018-10-11.pdf\">GDPR &#8211; Dar\u00f3ci Vt. Adatv\u00e9delmi T\u00e1j\u00e9koztat\u00f3j\u00e1nak tervezete:<\/a><\/p>\n","protected":false},"excerpt":{"rendered":"<p>GDPR &#8211; Dar\u00f3ci Vt. Adatv\u00e9delmi T\u00e1j\u00e9koztat\u00f3j\u00e1nak tervezete:<\/p>\n","protected":false},"author":2,"featured_media":0,"parent":0,"menu_order":0,"comment_status":"closed","ping_status":"closed","template":"","meta":{"footnotes":""},"class_list":["post-575","page","type-page","status-publish","hentry","nodate","item-wrap"],"_links":{"self":[{"href":"https:\/\/darocivt.hu\/index.php?rest_route=\/wp\/v2\/pages\/575","targetHints":{"allow":["GET"]}}],"collection":[{"href":"https:\/\/darocivt.hu\/index.php?rest_route=\/wp\/v2\/pages"}],"about":[{"href":"https:\/\/darocivt.hu\/index.php?rest_route=\/wp\/v2\/types\/page"}],"author":[{"embeddable":true,"href":"https:\/\/darocivt.hu\/index.php?rest_route=\/wp\/v2\/users\/2"}],"replies":[{"embeddable":true,"href":"https:\/\/darocivt.hu\/index.php?rest_route=%2Fwp%2Fv2%2Fcomments&post=575"}],"version-history":[{"count":4,"href":"https:\/\/darocivt.hu\/index.php?rest_route=\/wp\/v2\/pages\/575\/revisions"}],"predecessor-version":[{"id":581,"href":"https:\/\/darocivt.hu\/index.php?rest_route=\/wp\/v2\/pages\/575\/revisions\/581"}],"wp:attachment":[{"href":"https:\/\/darocivt.hu\/index.php?rest_route=%2Fwp%2Fv2%2Fmedia&parent=575"}],"curies":[{"name":"wp","href":"https:\/\/api.w.org\/{rel}","templated":true}]}}