{"id":461,"date":"2014-01-27T23:27:34","date_gmt":"2014-01-27T23:27:34","guid":{"rendered":"http:\/\/darocivt.hu\/?page_id=461"},"modified":"2019-04-15T07:28:33","modified_gmt":"2019-04-15T07:28:33","slug":"tagoknak","status":"publish","type":"page","link":"https:\/\/darocivt.hu\/?page_id=461","title":{"rendered":"Tagoknak"},"content":{"rendered":"<p><a href=\"http:\/\/darocivt.hu\/wp-content\/uploads\/2017\/04\/Alapszab\u00e1ly-fegyelmivel-2016-10-28-jav\u00edtott.pdf\">Alapszab\u00e1ly fegyelmivel &#8211; hat\u00e1lyos<\/a><\/p>\n<p><a href=\"http:\/\/darocivt.hu\/wp-content\/uploads\/2018\/10\/Dar\u00f3ci-Vt-2016-03-12-\u00e9n-elfogadott-H\u00c1ZI-SZAB\u00c1LYZATA.pdf\">H\u00e1zi Szab\u00e1lyzat &#8211; hat\u00e1lyos<\/a><\/p>\n<p><a href=\"http:\/\/darocivt.hu\/wp-content\/uploads\/2017\/04\/Hozz\u00e1j\u00e1rul\u00f3-nyilatkozat-Vad\u00e1szati-l\u00e9tes\u00edtm\u00e9ny-magasles-kihelyez\u00e9s\u00e9hez-2017-03-31-2.pdf\">Hozz\u00e1j\u00e1rul\u00f3 nyilatkozat Vad\u00e1szati l\u00e9tes\u00edtm\u00e9ny- magasles &#8211; kihelyez\u00e9s\u00e9hez 2017-03-31-2<\/a><\/p>\n<p><a href=\"http:\/\/darocivt.hu\/wp-content\/uploads\/2017\/04\/Hozz\u00e1j\u00e1rul\u00f3-nyilatkozat-Vad\u00e1szati-l\u00e9tes\u00edtm\u00e9ny-magasles-kihelyez\u00e9s\u00e9hez-2017-03-31.pdf\">Hozz\u00e1j\u00e1rul\u00f3 nyilatkozat Vad\u00e1szati l\u00e9tes\u00edtm\u00e9ny- magasles &#8211; kihelyez\u00e9s\u00e9hez 2017-03-31<\/a><\/p>\n<p><a href=\"http:\/\/darocivt.hu\/wp-content\/uploads\/2017\/04\/Dar\u00f3ci-VT-vadazonos\u00edt\u00f3-rendje-2017-02-15.pdf\">Dar\u00f3ci VT vadazonos\u00edt\u00f3 rendje &#8211; hat\u00e1lyos<\/a><\/p>\n<p><a href=\"http:\/\/darocivt.hu\/wp-content\/uploads\/2017\/04\/Dar\u00f3ci-Vt-Vad\u00e1szat-rendje-2017-02-15.pdf\">Dar\u00f3ci Vt Vad\u00e1szat rendje- hat\u00e1lyos<\/a><\/p>\n<p><a href=\"http:\/\/darocivt.hu\/wp-content\/uploads\/2018\/10\/Tagi-\u00e1rjegyz\u00e9k-2014-09-15.pdf\">Tagi \u00e1rjegyz\u00e9k &#8211; hat\u00e1lyos<\/a><\/p>\n<p><a href=\"http:\/\/darocivt.hu\/wp-content\/uploads\/2018\/10\/Apr\u00f3vad-vad\u00e1szati-\u00fctemterv-2018-08-31.pdf\">Apr\u00f3vad vad\u00e1szati \u00fctemterv 2018\/2019<\/a><\/p>\n<p><a href=\"http:\/\/darocivt.hu\/wp-content\/uploads\/2018\/10\/Dar\u00f3ci-Vt-15-853260-110-Vadgazd\u00e1lkod\u00e1si-terv-2018-2019.pdf\">Vadgazd\u00e1lkod\u00e1si terv 2018\/2019 &#8211; hat\u00e1lyos<\/a><\/p>\n<p><a href=\"http:\/\/darocivt.hu\/wp-content\/uploads\/2018\/10\/\u00c1rjegyz\u00e9k-S\u00e1rr\u00e9tvad-2018-09-01.pdf\">S\u00e1rr\u00e9tvad Kft \u00e1rjegyz\u00e9k 2018-09-01.-t\u0151l<\/a><\/p>\n<p><a href=\"http:\/\/darocivt.hu\/wp-content\/uploads\/2019\/02\/Dar\u00f3ci-VT-helyben-\u00e9rt\u00e9kes\u00edtett-h\u00fas-2019-02-01.pdf\">H\u00fas \u00e9rt\u00e9kes\u00edt\u00e9s helyben fenn\u00e1ll\u00f3 tartoz\u00e1sok 2019-02-01.-\u00e9n<\/a><\/p>\n<p><a href=\"http:\/\/darocivt.hu\/wp-content\/uploads\/2019\/03\/Dar\u00f3ci-VT-H\u00daS-p\u00e9nz\u00fcgyileg-rendezetlen-t\u00e9telei-2019-03-06.pdf\">H\u00fas \u00e9rt\u00e9kes\u00edt\u00e9s helyben fenn\u00e1ll\u00f3 tartoz\u00e1sok 2019-03-04.-\u00e9n<\/a><\/p>\n<p><a href=\"http:\/\/darocivt.hu\/wp-content\/uploads\/2019\/03\/Dar\u00f3ci-VT-TR\u00d3FEA-p\u00e9nz\u00fcgyileg-rendezetlen-t\u00e9telei-2019-03-06.pdf\">Tr\u00f3fe\u00e1s vad tartoz\u00e1sok 2019-03-04.-\u00e9n<\/a><\/p>\n<p><a href=\"http:\/\/darocivt.hu\/wp-content\/uploads\/2019\/03\/Dar\u00f3ci-VT-VEND\u00c9GJEGY-p\u00e9nz\u00fcgyileg-rendezetlen-t\u00e9telei-2019-03-06.pdf\">TAGI vend\u00e9gjegy elsz\u00e1mol\u00e1s<\/a><\/p>\n<p><a href=\"http:\/\/darocivt.hu\/wp-content\/uploads\/2019\/03\/Scan-2019.-m\u00e1rc.-29.-20_13.pdf\">K\u00f6zgy\u0171l\u00e9si hat\u00e1rozat kivonatok 2019-03-29<\/a><\/p>\n<p><a href=\"http:\/\/darocivt.hu\/wp-content\/uploads\/2019\/04\/Tr\u00f3fe\u00e1s-vad-elejt\u00e9s\u00e9nek-\u00e1tenged\u0151-\u00e1truh\u00e1z\u00f3-okirata-2019-03-12.pdf\">Tr\u00f3fe\u00e1s vad \u00e1tenged\u0151\/\u00e1tad\u00f3 nyilatkozata 2019-04-15<\/a><\/p>\n","protected":false},"excerpt":{"rendered":"<p>Alapszab\u00e1ly fegyelmivel &#8211; hat\u00e1lyos H\u00e1zi Szab\u00e1lyzat &#8211; hat\u00e1lyos Hozz\u00e1j\u00e1rul\u00f3 nyilatkozat Vad\u00e1szati l\u00e9tes\u00edtm\u00e9ny- magasles &#8211; kihelyez\u00e9s\u00e9hez 2017-03-31-2 Hozz\u00e1j\u00e1rul\u00f3 nyilatkozat Vad\u00e1szati l\u00e9tes\u00edtm\u00e9ny- magasles &#8211; kihelyez\u00e9s\u00e9hez 2017-03-31 Dar\u00f3ci VT vadazonos\u00edt\u00f3 rendje &#8211; hat\u00e1lyos Dar\u00f3ci Vt Vad\u00e1szat rendje- hat\u00e1lyos Tagi \u00e1rjegyz\u00e9k &#8211; hat\u00e1lyos Apr\u00f3vad vad\u00e1szati \u00fctemterv 2018\/2019 Vadgazd\u00e1lkod\u00e1si terv 2018\/2019 &#8211; hat\u00e1lyos S\u00e1rr\u00e9tvad Kft \u00e1rjegyz\u00e9k 2018-09-01.-t\u0151l H\u00fas \u00e9rt\u00e9kes\u00edt\u00e9s helyben &hellip; <\/p>\n<p><a class=\"more-link btn\" href=\"https:\/\/darocivt.hu\/?page_id=461\">Olvass tov\u00e1bb<\/a><\/p>\n","protected":false},"author":2,"featured_media":0,"parent":0,"menu_order":0,"comment_status":"closed","ping_status":"open","template":"","meta":{"footnotes":""},"class_list":["post-461","page","type-page","status-publish","hentry","nodate","item-wrap"],"_links":{"self":[{"href":"https:\/\/darocivt.hu\/index.php?rest_route=\/wp\/v2\/pages\/461","targetHints":{"allow":["GET"]}}],"collection":[{"href":"https:\/\/darocivt.hu\/index.php?rest_route=\/wp\/v2\/pages"}],"about":[{"href":"https:\/\/darocivt.hu\/index.php?rest_route=\/wp\/v2\/types\/page"}],"author":[{"embeddable":true,"href":"https:\/\/darocivt.hu\/index.php?rest_route=\/wp\/v2\/users\/2"}],"replies":[{"embeddable":true,"href":"https:\/\/darocivt.hu\/index.php?rest_route=%2Fwp%2Fv2%2Fcomments&post=461"}],"version-history":[{"count":17,"href":"https:\/\/darocivt.hu\/index.php?rest_route=\/wp\/v2\/pages\/461\/revisions"}],"predecessor-version":[{"id":620,"href":"https:\/\/darocivt.hu\/index.php?rest_route=\/wp\/v2\/pages\/461\/revisions\/620"}],"wp:attachment":[{"href":"https:\/\/darocivt.hu\/index.php?rest_route=%2Fwp%2Fv2%2Fmedia&parent=461"}],"curies":[{"name":"wp","href":"https:\/\/api.w.org\/{rel}","templated":true}]}}