{"id":30,"date":"2014-01-23T21:24:44","date_gmt":"2014-01-23T21:24:44","guid":{"rendered":"http:\/\/darocivt.hu\/~darocivt_wp\/?page_id=30"},"modified":"2022-08-03T08:06:05","modified_gmt":"2022-08-03T08:06:05","slug":"arjegyzek","status":"publish","type":"page","link":"https:\/\/darocivt.hu\/?page_id=30","title":{"rendered":"\u00c1rjegyz\u00e9k"},"content":{"rendered":"<p align=\"center\"><em>Belf\u00f6ldi \u00a0b\u00e9rvad\u00e1szati \u00e1rlista 2022-2023<\/em><em>\u00a0vad\u00e1szati id\u00e9nyre<\/em><\/p>\n<p align=\"center\"><strong>2022. m\u00e1rcius 1. &#8211; 2023. febru\u00e1r 28.<\/strong><\/p>\n<table class=\" aligncenter\" border=\"0\" width=\"620\" cellspacing=\"0\" cellpadding=\"0\">\n<tbody>\n<tr>\n<td width=\"620\">\n<table id=\"ujtable\" style=\"height: 467px; width: 100%;\" width=\"399\" cellspacing=\"0\" cellpadding=\"0\" align=\"center\">\n<caption align=\"top\"><strong>G\u00edmszarvas bika<\/strong><\/caption>\n<tbody>\n<tr style=\"height: 22px;\" align=\"center\">\n<td style=\"height: 22px;\" width=\"133\"><strong>Agancss\u00faly(kg)<\/strong><\/td>\n<td style=\"height: 22px;\" width=\"133\"><strong>Ft<\/strong><\/td>\n<td style=\"height: 22px;\" width=\"134\"><strong>Ft\/dkg<\/strong><\/td>\n<\/tr>\n<tr style=\"height: 22px;\" align=\"center\">\n<td style=\"height: 22px;\">5 kg-ig<\/td>\n<td style=\"height: 22px;\">200 000<\/td>\n<td style=\"height: 22px;\"><\/td>\n<\/tr>\n<tr style=\"height: 22px;\" align=\"center\">\n<td style=\"height: 22px;\">5-5,5<\/td>\n<td style=\"height: 22px;\">200 000<\/td>\n<td style=\"height: 22px;\">+1 600<\/td>\n<\/tr>\n<tr style=\"height: 22px;\" align=\"center\">\n<td style=\"height: 22px;\">5,5-6<\/td>\n<td style=\"height: 22px;\">280 000<\/td>\n<td style=\"height: 22px;\">+1 600<\/td>\n<\/tr>\n<tr style=\"height: 22px;\" align=\"center\">\n<td style=\"height: 22px;\">6-6,5<\/td>\n<td style=\"height: 22px;\">360 000<\/td>\n<td style=\"height: 22px;\">+1 800<\/td>\n<\/tr>\n<tr style=\"height: 22px;\" align=\"center\">\n<td style=\"height: 22px;\">6,5-7<\/td>\n<td style=\"height: 22px;\">450 000<\/td>\n<td style=\"height: 22px;\">+2 200<\/td>\n<\/tr>\n<tr style=\"height: 22px;\" align=\"center\">\n<td style=\"height: 22px;\">7-7,5<\/td>\n<td style=\"height: 22px;\">560 000<\/td>\n<td style=\"height: 22px;\">+2 500<\/td>\n<\/tr>\n<tr style=\"height: 22px;\" align=\"center\">\n<td style=\"height: 22px;\">7,5-8<\/td>\n<td style=\"height: 22px;\">685 000<\/td>\n<td style=\"height: 22px;\">+2 700<\/td>\n<\/tr>\n<tr style=\"height: 22px;\" align=\"center\">\n<td style=\"height: 22px;\">8-8,5<\/td>\n<td style=\"height: 22px;\">820 000<\/td>\n<td style=\"height: 22px;\">+2 800<\/td>\n<\/tr>\n<tr style=\"height: 22px;\" align=\"center\">\n<td style=\"height: 22px;\">8,5-9<\/td>\n<td style=\"height: 22px;\">960 000<\/td>\n<td style=\"height: 22px;\">+2 800<\/td>\n<\/tr>\n<tr style=\"height: 22px;\" align=\"center\">\n<td style=\"height: 22px;\">9 &#8211; 9,5<\/td>\n<td style=\"height: 22px;\">1 100 000<\/td>\n<td style=\"height: 22px;\">+7 000<\/td>\n<\/tr>\n<tr style=\"height: 22px;\" align=\"center\">\n<td style=\"height: 22px;\">9,5 &#8211; 10<\/td>\n<td style=\"height: 22px;\">1 450 000<\/td>\n<td style=\"height: 22px;\">+10 800<\/td>\n<\/tr>\n<tr style=\"height: 22px;\" align=\"center\">\n<td style=\"height: 22px;\">10 &#8211; 10,5<\/td>\n<td style=\"height: 22px;\">1 990 000<\/td>\n<td style=\"height: 22px;\">+10 000<\/td>\n<\/tr>\n<tr style=\"height: 22px;\">\n<td style=\"height: 22px;\">10,5 &#8211; 11<\/td>\n<td style=\"height: 22px;\">2 490 000<\/td>\n<td style=\"height: 22px;\">+12 000<\/td>\n<\/tr>\n<tr style=\"height: 91px;\">\n<td style=\"height: 91px;\" colspan=\"3\" align=\"center\"><strong>FONTOS! :<\/strong>\u00a0G\u00edm bika f\u0151 b\u0151g\u00e9si id\u0151szak\u00e1ban (szeptember 1.-t\u0151l okt\u00f3ber 15.-ig) a legkisebb elsz\u00e1molhat\u00f3 tr\u00f3feas\u00faly 6 kg. Az a b\u00e9rvad\u00e1sz ki ezen id\u0151szakon bel\u00fcl m\u00e9gis kisebb tr\u00f3fe\u00e1j\u00fa bik\u00e1t ejt el a 6 kg elsz\u00e1mol\u00f3 s\u00fallyal megegyez\u0151 \u00f6sszeget k\u00f6teles megfizetni.<\/td>\n<\/tr>\n<tr style=\"height: 68px;\">\n<td style=\"height: 68px;\" colspan=\"3\" align=\"center\">Sebz\u00e9s:a becs\u00fclt tr\u00f3feas\u00faly ellen\u00e9rt\u00e9k\u00e9nek 50%-a.<br \/>\n<strong>G\u00edm teh\u00e9n:\u00a0 40 000 Ft\/db<span style=\"color: #ffffff;\">30 000 Ft\/db.<\/span><br \/>\nG\u00edm borj\u00fa: 30 000 Ft\/db <span style=\"color: #ffffff;\">20 000 Ft\/db.<\/span><\/strong><\/td>\n<\/tr>\n<\/tbody>\n<\/table>\n<\/td>\n<\/tr>\n<\/tbody>\n<\/table>\n<table class=\" aligncenter\" border=\"0\" width=\"620\" cellspacing=\"0\" cellpadding=\"0\">\n<tbody>\n<tr>\n<td width=\"620\">\n<table id=\"ujtable\" style=\"width: 100%; height: 391px;\" width=\"400\" cellspacing=\"0\" cellpadding=\"0\" align=\"center\">\n<caption align=\"top\"><strong>D\u00e1mszarvas bika<\/strong><\/caption>\n<tbody>\n<tr style=\"height: 22px;\" align=\"center\">\n<td style=\"height: 22px;\" width=\"133\"><strong>Agancss\u00faly(kg)<\/strong><\/td>\n<td style=\"height: 22px;\" width=\"133\"><strong>Ft<\/strong><\/td>\n<td style=\"height: 22px;\" width=\"134\"><strong>Ft\/dkg<\/strong><\/td>\n<\/tr>\n<tr style=\"height: 22px;\" align=\"center\">\n<td style=\"height: 22px;\">2 kg-ig<\/td>\n<td style=\"height: 22px;\">110 000<\/td>\n<td style=\"height: 22px;\">&#8211;<\/td>\n<\/tr>\n<tr style=\"height: 22px;\" align=\"center\">\n<td style=\"height: 22px;\">2-2,5 kg<\/td>\n<td style=\"height: 22px;\">165 000<\/td>\n<td style=\"height: 22px;\">&#8211;<\/td>\n<\/tr>\n<tr style=\"height: 22px;\" align=\"center\">\n<td style=\"height: 22px;\">2,5-3<\/td>\n<td style=\"height: 22px;\">200 000<\/td>\n<td style=\"height: 22px;\">+2 000<\/td>\n<\/tr>\n<tr style=\"height: 22px;\" align=\"center\">\n<td style=\"height: 22px;\">3-3,5<\/td>\n<td style=\"height: 22px;\">300 000<\/td>\n<td style=\"height: 22px;\">+2 400<\/td>\n<\/tr>\n<tr style=\"height: 22px;\" align=\"center\">\n<td style=\"height: 22px;\">3,5-4<\/td>\n<td style=\"height: 22px;\">420 000<\/td>\n<td style=\"height: 22px;\">+5 900<\/td>\n<\/tr>\n<tr style=\"height: 22px;\" align=\"center\">\n<td style=\"height: 22px;\">4 &#8211; 4,5<\/td>\n<td style=\"height: 22px;\">715 000<\/td>\n<td style=\"height: 22px;\">+11 700<\/td>\n<\/tr>\n<tr style=\"height: 22px;\" align=\"center\">\n<td style=\"height: 22px;\">4,5 &#8211; 5<\/td>\n<td style=\"height: 22px;\">1 300 000<\/td>\n<td style=\"height: 22px;\">+22 000<\/td>\n<\/tr>\n<tr style=\"height: 22px;\" align=\"center\">\n<td style=\"height: 22px;\">5 kg f\u00f6l\u00f6tt<\/td>\n<td style=\"height: 22px;\">2 400 000<\/td>\n<td style=\"height: 22px;\">+24 200<\/td>\n<\/tr>\n<tr style=\"height: 91px;\">\n<td style=\"height: 91px;\" colspan=\"3\" align=\"center\"><strong>FONTOS! :<\/strong>\u00a0D\u00e1m bika f\u0151 barcog\u00e1si id\u0151szak\u00e1ban<strong>(okt\u00f3ber 15.-t\u0151l &#8211; november 15.-ig)<\/strong>\u00a0a legkisebb elsz\u00e1molhat\u00f3 tr\u00f3feas\u00faly\u00a0<strong>3 kg.<\/strong>\u00a0Az a b\u00e9rvad\u00e1sz ki ezen id\u0151szakon bel\u00fcl m\u00e9gis kisebb tr\u00f3fe\u00e1j\u00fa bik\u00e1t ejt el a 3 kg elsz\u00e1mol\u00f3 s\u00fallyal megegyez\u0151 \u00f6sszeget k\u00f6teles megfizetni.<\/td>\n<\/tr>\n<tr style=\"height: 102px;\">\n<td style=\"height: 102px;\" colspan=\"3\" align=\"center\">Sebz\u00e9s: A becs\u00fclt tr\u00f3feas\u00faly ellen\u00e9rt\u00e9k\u00e9nek 50 %-a.<br \/>\n<strong>D\u00e1m teh\u00e9n: 30 000 Ft\/db<\/strong><\/p>\n<p><strong>\u00a0 \u00a0 \u00a0 \u00a0 \u00a0 \u00a0 \u00a0 \u00a0 \u00a0 \u00a0 \u00a0 \u00a0 D\u00e1m borj\u00fa: 20 000 Ft\/db\u00a0<span style=\"color: #ffffff;\"> 20 000 Ft\/db.<\/span><\/strong><\/td>\n<\/tr>\n<\/tbody>\n<\/table>\n<\/td>\n<\/tr>\n<\/tbody>\n<\/table>\n<p style=\"text-align: center;\"><span style=\"text-align: center;\">A g\u00edm \u00e9s d\u00e1m tr\u00f3fe\u00e1k s\u00faly\u00e1t kif\u0151z\u00e9s ut\u00e1n 24 \u00f3r\u00e1val, nagykopony\u00e1val sz\u00e1m\u00edtjuk.<\/span><\/p>\n<hr \/>\n<table class=\" aligncenter\" border=\"0\" width=\"620\" cellspacing=\"0\" cellpadding=\"0\">\n<tbody>\n<tr>\n<td width=\"620\">\n<table id=\"ujtable\" width=\"400\" cellspacing=\"0\" cellpadding=\"0\" align=\"center\">\n<caption align=\"top\"><strong>\u0150zbak<\/strong><\/caption>\n<tbody>\n<tr align=\"center\">\n<td width=\"133\"><strong>Aggancss\u00faly(kg)<\/strong><\/td>\n<td width=\"133\"><strong>Ft<\/strong><\/td>\n<td width=\"134\"><strong>Ft\/g<\/strong><\/td>\n<\/tr>\n<tr align=\"center\">\n<td>0-200 g<\/td>\n<td>20 000<\/td>\n<td><\/td>\n<\/tr>\n<tr align=\"center\">\n<td>201-300 g<\/td>\n<td>50 000<\/td>\n<td><\/td>\n<\/tr>\n<tr align=\"center\">\n<td>301-349 g<\/td>\n<td>65 000<\/td>\n<td>+1 100<\/td>\n<\/tr>\n<tr align=\"center\">\n<td>351-399 g<\/td>\n<td>120 000<\/td>\n<td>+2 600<\/td>\n<\/tr>\n<tr align=\"center\">\n<td>401-449 g<\/td>\n<td>250 000<\/td>\n<td>+4 000<\/td>\n<\/tr>\n<tr align=\"center\">\n<td>451-499 g<\/td>\n<td>450 000<\/td>\n<td>+7 400<\/td>\n<\/tr>\n<tr align=\"center\">\n<td>500 f\u00f6l\u00f6tt<\/td>\n<td>820 000<\/td>\n<td>+11 200<\/td>\n<\/tr>\n<tr>\n<td colspan=\"3\" align=\"center\">\n<div align=\"center\">Az agancs m\u00e9r\u00e9se a kifoz\u00e9s ut\u00e1n 24 \u00f3r\u00e1val, kiskopony\u00e1val t\u00f6rt\u00e9nik.<br \/>\nNagykopony\u00e1val k\u00e9rt agancs eset\u00e9ben a Tr\u00f3feab\u00edr\u00e1l\u00f3 Bizotts\u00e1g \u00e1ltal meghat\u00e1rozott s\u00faly szerint kell fizetni. Sebz\u00e9s a becs\u00fclt tr\u00f3feas\u00faly ellen\u00e9rt\u00e9k\u00e9nek 50%-a.<\/div>\n<div align=\"center\"><strong>Suta, gida: 10 000 Ft\/db <span style=\"color: #ffffff;\">7000 Ft\/db.<\/span><\/strong><\/div>\n<\/td>\n<\/tr>\n<\/tbody>\n<\/table>\n<\/td>\n<\/tr>\n<\/tbody>\n<\/table>\n<table class=\" aligncenter\" border=\"0\" width=\"620\" cellspacing=\"0\" cellpadding=\"0\">\n<tbody>\n<tr>\n<td width=\"620\">\n<table id=\"ujtable\" style=\"width: 100%; height: 154px;\" width=\"400\" cellspacing=\"0\" cellpadding=\"0\" align=\"center\">\n<caption align=\"top\"><strong>Vaddiszn\u00f3<\/strong><\/caption>\n<tbody>\n<tr style=\"height: 22px;\" align=\"center\">\n<td style=\"height: 22px;\" width=\"133\"><strong>Agyarhossz(cm)<\/strong><\/td>\n<td style=\"height: 22px;\" width=\"133\"><strong>Ft<\/strong><\/td>\n<td style=\"height: 22px;\" width=\"134\"><strong>Ft\/dkg<\/strong><\/td>\n<\/tr>\n<tr style=\"height: 22px;\" align=\"center\">\n<td style=\"height: 22px;\">12 cm<\/td>\n<td style=\"height: 22px;\"><span style=\"color: #000000;\">60 000<\/span><\/td>\n<td style=\"height: 22px;\"><span style=\"color: #000000;\">+1 500<\/span><\/td>\n<\/tr>\n<tr style=\"height: 22px;\" align=\"center\">\n<td style=\"height: 22px;\">14 cm<\/td>\n<td style=\"height: 22px;\"><span style=\"color: #000000;\">90 000<\/span><\/td>\n<td style=\"height: 22px;\"><span style=\"color: #000000;\">+2 500<\/span><\/td>\n<\/tr>\n<tr style=\"height: 22px;\" align=\"center\">\n<td style=\"height: 22px;\">16 cm<\/td>\n<td style=\"height: 22px;\"><span style=\"color: #000000;\">140 000<\/span><\/td>\n<td style=\"height: 22px;\"><span style=\"color: #000000;\">+3 800<\/span><\/td>\n<\/tr>\n<tr style=\"height: 22px;\" align=\"center\">\n<td style=\"height: 22px;\">18 cm<\/td>\n<td style=\"height: 22px;\"><span style=\"color: #000000;\">216 000<\/span><\/td>\n<td style=\"height: 22px;\"><span style=\"color: #000000;\">+6 700<\/span><\/td>\n<\/tr>\n<tr style=\"height: 22px;\" align=\"center\">\n<td style=\"height: 22px;\">20 cm<\/td>\n<td style=\"height: 22px;\"><span style=\"color: #000000;\">350 000<\/span><\/td>\n<td style=\"height: 22px;\"><\/td>\n<\/tr>\n<tr style=\"height: 22px;\">\n<td style=\"height: 22px;\" colspan=\"3\" align=\"center\">Sebz\u00e9s:a becs\u00fclt tr\u00f3feas\u00faly ellen\u00e9rt\u00e9k\u00e9nek 50 %-a.<\/td>\n<\/tr>\n<\/tbody>\n<\/table>\n<\/td>\n<\/tr>\n<\/tbody>\n<\/table>\n<p style=\"text-align: center;\" align=\"center\">Az elsz\u00e1mol\u00e1s alapj\u00e1ul a k\u00e9t nagyagyar \u00e1tlag hossza szolg\u00e1l.<\/p>\n<p style=\"text-align: center;\" align=\"center\">A 20,1 cm feletti agyarhossz eset\u00e9ben is a maxim\u00e1lt 400 000 Ft-ot sz\u00e1moljuk fel.<\/p>\n<table class=\" aligncenter\" border=\"0\" width=\"620\" cellspacing=\"0\" cellpadding=\"0\" align=\"center\">\n<tbody>\n<tr align=\"center\">\n<td width=\"420\">Vaddiszn\u00f3 koca 50 kg zsigerelt s\u00faly felett:<\/td>\n<td width=\"200\"><span style=\"color: #000000;\"><strong>50 000 Ft<\/strong><\/span><\/td>\n<\/tr>\n<tr align=\"center\">\n<td width=\"420\">Vaddiszn\u00f3s\u00fcldo 20-50 kg zsigerelt s\u00faly k\u00f6z\u00f6tt:<\/td>\n<td width=\"200\"><span style=\"color: #000000;\"><strong>28 000 Ft<\/strong><\/span><\/td>\n<\/tr>\n<tr align=\"center\">\n<td width=\"420\">Vaddiszn\u00f3 malac 20 kg zsigerelt s\u00falyig:<\/td>\n<td width=\"200\"><span style=\"color: #000000;\"><strong>14 000 Ft<\/strong><\/span><\/td>\n<\/tr>\n<tr align=\"center\">\n<td width=\"620\"><\/td>\n<td><\/td>\n<\/tr>\n<tr align=\"center\">\n<td width=\"420\">Sebz\u00e9s:<\/td>\n<td width=\"200\"><\/td>\n<\/tr>\n<tr align=\"center\">\n<td width=\"620\"><\/td>\n<td><\/td>\n<\/tr>\n<tr align=\"center\">\n<td width=\"420\">&#8211; kan:<\/td>\n<td width=\"200\"><span style=\"color: #000000;\"><strong>50 000 Ft<\/strong><\/span><\/td>\n<\/tr>\n<tr align=\"center\">\n<td width=\"420\">&#8211; koca, s\u00fcldo, malac:<\/td>\n<td width=\"200\"><strong>A l\u0151 d\u00edj 50%-a<\/strong><\/td>\n<\/tr>\n<\/tbody>\n<\/table>\n<p style=\"text-align: center;\" align=\"center\">Vad\u00e1szatok szervez\u00e9si-kis\u00e9r\u00e9si d\u00edja: <strong>5.000 Ft\/alkalom (REGGELI \u00c9S AZ ESTI KIMENETEL K\u00dcL\u00d6N SZ\u00c1M\u00cdTAND\u00d3)<\/strong><\/p>\n<p style=\"text-align: center;\" align=\"center\">Vad\u00e1szatok szervez\u00e9se: <strong>NAGY TAM\u00c1S<\/strong> (+36-30-655-8982)<\/p>\n<p style=\"text-align: center;\" align=\"center\">Terepj\u00e1r\u00f3 g\u00e9pkocsi, sz\u00e1ll\u00e1s, \u00e9tkez\u00e9s, tr\u00f3feab\u00edr\u00e1lat stb. megegyez\u00e9s szerint biztos\u00edthat\u00f3. A vad\u00e1szatok lebonyol\u00edt\u00e1sa csod\u00e1latos k\u00f6rnyezetben, a Beregi s\u00edks\u00e1gon l\u00e9v\u0151 t\u00e1rsulatunk ter\u00fclet\u00e9n t\u00f6rt\u00e9nik. Vad\u00e1szter\u00fclet\u00fcnk hat\u00e1ra igen nagy hossz\u00fas\u00e1gban egyben az ukr\u00e1n-magyar orsz\u00e1ghat\u00e1r.<\/p>\n<p align=\"center\">Sz\u00e1ll\u00e1s: el\u0151zetes egyeztet\u00e9s alapj\u00e1n a Vt szervezi<\/p>\n","protected":false},"excerpt":{"rendered":"<p>Belf\u00f6ldi \u00a0b\u00e9rvad\u00e1szati \u00e1rlista 2022-2023\u00a0vad\u00e1szati id\u00e9nyre 2022. m\u00e1rcius 1. &#8211; 2023. febru\u00e1r 28. G\u00edmszarvas bika Agancss\u00faly(kg) Ft Ft\/dkg 5 kg-ig 200 000 5-5,5 200 000 +1 600 5,5-6 280 000 +1 600 6-6,5 360 000 +1 800 6,5-7 450 000 +2 200 7-7,5 560 000 +2 500 7,5-8 685 000 +2 700 8-8,5 820 000 +2 &hellip; <\/p>\n<p><a class=\"more-link btn\" href=\"https:\/\/darocivt.hu\/?page_id=30\">Olvass tov\u00e1bb<\/a><\/p>\n","protected":false},"author":3,"featured_media":0,"parent":0,"menu_order":0,"comment_status":"closed","ping_status":"open","template":"","meta":{"footnotes":""},"class_list":["post-30","page","type-page","status-publish","hentry","nodate","item-wrap"],"_links":{"self":[{"href":"https:\/\/darocivt.hu\/index.php?rest_route=\/wp\/v2\/pages\/30","targetHints":{"allow":["GET"]}}],"collection":[{"href":"https:\/\/darocivt.hu\/index.php?rest_route=\/wp\/v2\/pages"}],"about":[{"href":"https:\/\/darocivt.hu\/index.php?rest_route=\/wp\/v2\/types\/page"}],"author":[{"embeddable":true,"href":"https:\/\/darocivt.hu\/index.php?rest_route=\/wp\/v2\/users\/3"}],"replies":[{"embeddable":true,"href":"https:\/\/darocivt.hu\/index.php?rest_route=%2Fwp%2Fv2%2Fcomments&post=30"}],"version-history":[{"count":25,"href":"https:\/\/darocivt.hu\/index.php?rest_route=\/wp\/v2\/pages\/30\/revisions"}],"predecessor-version":[{"id":648,"href":"https:\/\/darocivt.hu\/index.php?rest_route=\/wp\/v2\/pages\/30\/revisions\/648"}],"wp:attachment":[{"href":"https:\/\/darocivt.hu\/index.php?rest_route=%2Fwp%2Fv2%2Fmedia&parent=30"}],"curies":[{"name":"wp","href":"https:\/\/api.w.org\/{rel}","templated":true}]}}