{"id":23,"date":"2014-01-23T21:17:27","date_gmt":"2014-01-23T21:17:27","guid":{"rendered":"http:\/\/darocivt.hu\/~darocivt_wp\/?page_id=23"},"modified":"2021-09-13T09:47:20","modified_gmt":"2021-09-13T09:47:20","slug":"elerhetoseg","status":"publish","type":"page","link":"https:\/\/darocivt.hu\/?page_id=23","title":{"rendered":"El\u00e9rhet\u0151s\u00e9g"},"content":{"rendered":"<p style=\"text-align: center;\"><strong>\u00a0 Dar\u00f3ci Vad\u00e1szt\u00e1rsas\u00e1g<\/strong><\/p>\n<p style=\"text-align: center;\">4934 Beregdar\u00f3c, B\u00e9ke u. 13.<\/p>\n<p style=\"text-align: center;\"><strong>Fax:<\/strong><\/p>\n<p style=\"text-align: center;\">\u00a0 <strong>E-mail:<\/strong> darocivt@darocivt.hu<\/p>\n<p style=\"text-align: center;\"><strong>Banksz\u00e1mlasz\u00e1m: <\/strong>11744065-20101880<\/p>\n<p style=\"text-align: center;\"><strong>Ad\u00f3sz\u00e1m:<\/strong> 18812985-2-15<\/p>\n<p style=\"text-align: center;\"><strong><br \/>\n<\/strong><!--more--><\/p>\n<hr \/>\n<p style=\"text-align: center;\"><strong><br \/>\n<\/strong><!--more--><\/p>\n<p style=\"text-align: center;\"><strong>Eln\u00f6k:<\/strong> Nagy Tam\u00e1s (+36-30-655-8982)<\/p>\n<p style=\"text-align: center;\"><strong>Titk\u00e1r:<\/strong> Hegyi Gy\u00f6rgy (+36-70-610-9371)<\/p>\n<p style=\"text-align: center;\"><strong>Vad\u00e1szmester: <\/strong>Maczink\u00f3 L\u00e1szl\u00f3 (+36-70-623-4466)<\/p>\n<p style=\"text-align: center;\"><strong>Gazdas\u00e1gi Vezet\u0151:<\/strong> Baracsi Endre (+36-20-458-4684)<\/p>\n<p style=\"text-align: center;\"><strong>Term\u00e9szetv\u00e9delmi Felel\u0151s: <\/strong>Rost\u00e1s B\u00e9la (+36-30-862-8924)<\/p>\n<p style=\"text-align: center;\"><!--more--><\/p>\n<hr \/>\n<p style=\"text-align: center;\"><strong><br \/>\n<\/strong><!--more--><\/p>\n<p style=\"text-align: center;\"><strong>Vadk\u00e1rral kapcsolatos \u00fcgyekben hivatalos kapcsolattart\u00f3:<\/strong><\/p>\n<p style=\"text-align: center;\"><strong>NAGY TAM\u00c1S<br \/>\n<\/strong><\/p>\n<p style=\"text-align: center;\"><strong>\u00a0<\/strong><\/p>\n<p style=\"text-align: center;\"><strong>Telefonsz\u00e1ma: +36-30-655-8982<br \/>\n<\/strong><\/p>\n","protected":false},"excerpt":{"rendered":"<p>\u00a0 Dar\u00f3ci Vad\u00e1szt\u00e1rsas\u00e1g 4934 Beregdar\u00f3c, B\u00e9ke u. 13. Fax: \u00a0 E-mail: darocivt@darocivt.hu Banksz\u00e1mlasz\u00e1m: 11744065-20101880 Ad\u00f3sz\u00e1m: 18812985-2-15<\/p><p><a class=\"more-link btn\" href=\"https:\/\/darocivt.hu\/?page_id=23\">Olvass tov\u00e1bb<\/a><\/p>\n","protected":false},"author":3,"featured_media":0,"parent":0,"menu_order":0,"comment_status":"closed","ping_status":"open","template":"","meta":{"footnotes":""},"class_list":["post-23","page","type-page","status-publish","hentry","nodate","item-wrap"],"_links":{"self":[{"href":"https:\/\/darocivt.hu\/index.php?rest_route=\/wp\/v2\/pages\/23","targetHints":{"allow":["GET"]}}],"collection":[{"href":"https:\/\/darocivt.hu\/index.php?rest_route=\/wp\/v2\/pages"}],"about":[{"href":"https:\/\/darocivt.hu\/index.php?rest_route=\/wp\/v2\/types\/page"}],"author":[{"embeddable":true,"href":"https:\/\/darocivt.hu\/index.php?rest_route=\/wp\/v2\/users\/3"}],"replies":[{"embeddable":true,"href":"https:\/\/darocivt.hu\/index.php?rest_route=%2Fwp%2Fv2%2Fcomments&post=23"}],"version-history":[{"count":18,"href":"https:\/\/darocivt.hu\/index.php?rest_route=\/wp\/v2\/pages\/23\/revisions"}],"predecessor-version":[{"id":640,"href":"https:\/\/darocivt.hu\/index.php?rest_route=\/wp\/v2\/pages\/23\/revisions\/640"}],"wp:attachment":[{"href":"https:\/\/darocivt.hu\/index.php?rest_route=%2Fwp%2Fv2%2Fmedia&parent=23"}],"curies":[{"name":"wp","href":"https:\/\/api.w.org\/{rel}","templated":true}]}}