{"id":20,"date":"2014-01-23T20:52:01","date_gmt":"2014-01-23T20:52:01","guid":{"rendered":"http:\/\/darocivt.hu\/~darocivt_wp\/?page_id=20"},"modified":"2017-04-06T06:37:33","modified_gmt":"2017-04-06T06:37:33","slug":"teruletunk","status":"publish","type":"page","link":"https:\/\/darocivt.hu\/?page_id=20","title":{"rendered":"Ter\u00fclet\u00fcnk"},"content":{"rendered":"<p>A lent k\u00f6r\u00fcl\u00edrt hat\u00e1rvonalakkal rendelkez\u0151 vad\u00e1szter\u00fclet a <strong>15-853260-110<\/strong> k\u00f3dsz\u00e1m\u00fa.<\/p>\n<p>A vad\u00e1szter\u00fclet kiterjed\u00e9se:\u00a0<strong>5750 ha.<\/strong><\/p>\n<p><strong>Vad\u00e1szter\u00fclet le\u00edr\u00e1sa:<\/strong><\/p>\n<div align=\"justify\">A hat\u00e1rle\u00edr\u00e1s kiindul\u00f3 pontja a vad\u00e1szter\u00fclet keleti r\u00e9sz\u00e9n a 41.sz\u00e1m\u00fa f\u0151k\u00f6zleked\u00e9si \u00fat \u00e9s az orsz\u00e1ghat\u00e1r tal\u00e1lkoz\u00e1si pontja (Beregsur\u00e1ny- i hat\u00e1r\u00e1tkel\u0151). A hat\u00e1rvonal innen a 41. sz\u00e1m\u00fa f\u0151k\u00f6zleked\u00e9si \u00faton nyugati ir\u00e1nyban a Beregsur\u00e1ny- i k\u00f6rforgalomig halad. Ott d\u00e9lre fordulva a Beregsur\u00e1ny \u00e9s Tarpa k\u00f6z\u00f6tti k\u00f6z\u00faton, a M\u00e1rokpapi 0168 helyrajzi sz\u00e1m\u00fa bek\u00f6t\u0151 \u00fatig, majd azon a M\u00e1rokpapi fel\u00e9 haladva a M\u00e1rokpapi 0170 helyrajzi sz\u00e1m\u00fa \u00e1rokig. Az \u00e1rkon d\u00e9lre fordulva a Tarpa 0213 helyrajzi sz\u00e1m\u00fa Szipa f\u0151csatorn\u00e1ig. A Szipa f\u0151csatorn\u00e1n foly\u00e1s ir\u00e1nyban haladva \u00e9szaknyugat fel\u00e9 (M\u00e1rokpapi 0174, majd 020 helyrajzi sz\u00e1m) a Csaroda 09 helyrajzi sz\u00e1m\u00fa f\u00f6ld\u00fat tal\u00e1lkoz\u00e1s\u00e1ig, majd f\u00f6ld\u00faton d\u00e9lnyugatra a Hetefej\u00e9rcse 0207\/2 helyrajzi sz\u00e1m\u00fa k\u00f6z\u00fatig. A k\u00f6z\u00faton a hat\u00e1rvonal \u00e9szaknyugati ir\u00e1ny\u00e1ban a 41. sz\u00e1m\u00fa f\u0151k\u00f6zleked\u00e9si \u00fatig halad, melyen keleti ir\u00e1nyban Csaroda belter\u00fclet\u00e9ig folytat\u00f3dik. Csarod\u00e1n a hat\u00e1rvonal a Beregsz\u00e1szi \u00e9s Pet\u0151fi utc\u00e1t \u00e9rintve halad \u00e1t \u00e9s m\u0171\u00faton &#8211; Gel\u00e9nesen \u00e1t (Kossuth Lajos \u00faton v\u00e9gighaladva) &#8211; Barab\u00e1s ir\u00e1ny\u00e1ban a D\u00e9dai- csatorn\u00e1ig folytat\u00f3dik. A hat\u00e1rvonal a D\u00e9dai- csatorna medervonal\u00e1t k\u00f6vetve, keleti ir\u00e1nyban a Beregdar\u00f3c 064 \u00e9s 055 helyrajzi sz\u00e1m\u00fa f\u00f6ld\u00faton \u00e9szaki ir\u00e1nyban, majd Beregdar\u00f3c 062 helyrajzi sz\u00e1m\u00fa \u00e1rkon \u00e9szakkeleti ir\u00e1nyban az orsz\u00e1ghat\u00e1rig halad. Az orsz\u00e1ghat\u00e1r vonal\u00e1t d\u00e9lkeleti ir\u00e1nyban k\u00f6vetve a hat\u00e1rvonal el\u00e9ri a 41. sz\u00e1m\u00fa f\u0151k\u00f6zleked\u00e9si utat, a hat\u00e1rle\u00edr\u00e1s kiindul\u00e1si pontj\u00e1t.<\/div>\n","protected":false},"excerpt":{"rendered":"<p>A lent k\u00f6r\u00fcl\u00edrt hat\u00e1rvonalakkal rendelkez\u0151 vad\u00e1szter\u00fclet a 15-853260-110 k\u00f3dsz\u00e1m\u00fa. A vad\u00e1szter\u00fclet kiterjed\u00e9se:\u00a05750 ha. Vad\u00e1szter\u00fclet le\u00edr\u00e1sa: A hat\u00e1rle\u00edr\u00e1s kiindul\u00f3 pontja a vad\u00e1szter\u00fclet keleti r\u00e9sz\u00e9n a 41.sz\u00e1m\u00fa f\u0151k\u00f6zleked\u00e9si \u00fat \u00e9s az orsz\u00e1ghat\u00e1r tal\u00e1lkoz\u00e1si pontja (Beregsur\u00e1ny- i hat\u00e1r\u00e1tkel\u0151). A hat\u00e1rvonal innen a 41. sz\u00e1m\u00fa f\u0151k\u00f6zleked\u00e9si \u00faton nyugati ir\u00e1nyban a Beregsur\u00e1ny- i k\u00f6rforgalomig halad. Ott d\u00e9lre fordulva a Beregsur\u00e1ny &hellip; <\/p>\n<p><a class=\"more-link btn\" href=\"https:\/\/darocivt.hu\/?page_id=20\">Olvass tov\u00e1bb<\/a><\/p>\n","protected":false},"author":3,"featured_media":0,"parent":0,"menu_order":0,"comment_status":"closed","ping_status":"open","template":"","meta":{"footnotes":""},"class_list":["post-20","page","type-page","status-publish","hentry","nodate","item-wrap"],"_links":{"self":[{"href":"https:\/\/darocivt.hu\/index.php?rest_route=\/wp\/v2\/pages\/20","targetHints":{"allow":["GET"]}}],"collection":[{"href":"https:\/\/darocivt.hu\/index.php?rest_route=\/wp\/v2\/pages"}],"about":[{"href":"https:\/\/darocivt.hu\/index.php?rest_route=\/wp\/v2\/types\/page"}],"author":[{"embeddable":true,"href":"https:\/\/darocivt.hu\/index.php?rest_route=\/wp\/v2\/users\/3"}],"replies":[{"embeddable":true,"href":"https:\/\/darocivt.hu\/index.php?rest_route=%2Fwp%2Fv2%2Fcomments&post=20"}],"version-history":[{"count":3,"href":"https:\/\/darocivt.hu\/index.php?rest_route=\/wp\/v2\/pages\/20\/revisions"}],"predecessor-version":[{"id":484,"href":"https:\/\/darocivt.hu\/index.php?rest_route=\/wp\/v2\/pages\/20\/revisions\/484"}],"wp:attachment":[{"href":"https:\/\/darocivt.hu\/index.php?rest_route=%2Fwp%2Fv2%2Fmedia&parent=20"}],"curies":[{"name":"wp","href":"https:\/\/api.w.org\/{rel}","templated":true}]}}