{"id":17,"date":"2014-01-23T20:25:46","date_gmt":"2014-01-23T20:25:46","guid":{"rendered":"http:\/\/darocivt.hu\/~darocivt_wp\/?page_id=17"},"modified":"2019-02-07T09:14:44","modified_gmt":"2019-02-07T09:14:44","slug":"bemutatkozas","status":"publish","type":"page","link":"https:\/\/darocivt.hu\/","title":{"rendered":"Bemutatkoz\u00e1s"},"content":{"rendered":"<p><strong>Kedves L\u00e1togat\u00f3!<\/strong><\/p>\n<p>Vad\u00e1szt\u00e1rsas\u00e1gunk c\u00e9lul t\u0171zte ki az el\u0151deink \u00e1ltal r\u00e1nk hagyott \u00e9rt\u00e9kes vad\u00e1llom\u00e1nyt c\u00e9ltudatos \u00e9s min\u0151s\u00e9gi vadgazd\u00e1lkod\u00e1ssal nemcsak, hogy meg\u0151rizze hanem lehet\u0151s\u00e9geihez k\u00e9pest fejlessze is.<\/p>\n<p>Fontos feladatunk a szoros \u00e9s j\u00f3 kapcsolat a helyi gazd\u00e1lkod\u00f3kkal, illetve az itt \u00e9l\u0151 gyerekekkel, fiatalokkal megszerettesse, megismertesse a vad\u00e1szatot, az erd\u0151t, saj\u00e1t k\u00f6rnyezet\u00fcket, megmutassa ezek sz\u00e9ps\u00e9geit, v\u00e9delm\u00fck fontoss\u00e1g\u00e1t. A vad\u00e1szati trad\u00edci\u00f3k fenntart\u00e1sa, a term\u00e9szet v\u00e9delme mellett kultur\u00e1lt sz\u00f3rakoz\u00e1si \u00e9s etikus vad\u00e1szati lehet\u0151s\u00e9get szeretn\u00e9nk teremteni tagjainknak.<\/p>\n<p><strong><em>Mert hisz\u00fcnk benne a term\u00e9szetet szolg\u00e1lni nemes feladat.<\/em><\/strong><\/p>\n<p>Ter\u00fclet\u00fcnk a K\u00e1rp\u00e1tok l\u00e1bain\u00e1l tal\u00e1lhat\u00f3 az orsz\u00e1gunk legkeletibb cs\u00fccsk\u00e9ben V\u00e1s\u00e1rosnam\u00e9nyt\u00f3l mintegy 20 kilom\u00e9terre a beregi s\u00edks\u00e1gon. T\u00e1jegys\u00e9g\u00fcnk soksz\u00edn\u0171s\u00e9ge elvar\u00e1zsolja mind az itt \u00e9l\u0151 embereket mind pedig az ide l\u00e1togat\u00f3kat egyar\u00e1nt. Ter\u00fclet\u00fcnk kb. 5700 ha melynek jelent\u0151s r\u00e9sze term\u00e9szetv\u00e9delem alatt \u00e1ll az erd\u0151kkel \u00e9s sz\u00e1nt\u00f3f\u00f6ldi kult\u00far\u00e1kkal tark\u00edtott.<\/p>\n<p>Vad\u00e1llom\u00e1nyunk \u00f6sszet\u00e9tel\u00e9ben nagyvadas jelleg\u0171, melyb\u0151l az \u0151shonos nagyvadak: g\u00edmszarvasok, vaddiszn\u00f3k \u00e9s \u0151zek mellett a d\u00e1mszarvasok is jelen vannak, m\u00edg az apr\u00f3vad \u00e1llom\u00e1nyunkn\u00e1l a f\u00e1c\u00e1n \u00e9s mezei ny\u00fal a jellemz\u0151. Vad\u00e1szati lehet\u0151s\u00e9get k\u00edn\u00e1lunk hazai \u00e9s k\u00fclf\u00f6ldi b\u00e9rvad\u00e1szok sz\u00e1m\u00e1ra egyar\u00e1nt, Vad\u00e1szatainkon els\u0151sorban les vagy cserkel\u0151 vad\u00e1szatot javasoljuk vend\u00e9geinknek. Az \u0151zbak b\u00e9rvad\u00e1szat\u00e1t k\u00e9t id\u0151pontban aj\u00e1nljuk: &#8211; \u00e1prilis 15-t\u00f3l m\u00e1jus 15-ig a n\u00f6v\u00e9nyi kult\u00far\u00e1k m\u00e9rs\u00e9kelt takar\u00e1sa v\u00e9gett, &#8211; j\u00falius v\u00e9g\u00e9n, augusztus elej\u00e9n \u00fczeked\u00e9s id\u0151szak\u00e1ban G\u00edmszarvas vad\u00e1szat\u00e1ra szeptember 1-tol van lehet\u0151s\u00e9g, de a b\u0151g\u00e9si id\u0151szak \u00e1ltal\u00e1ban szeptember 10-t\u0151l v\u00e1rhat\u00f3. Vend\u00e9geinket felk\u00e9sz\u00fclt hivat\u00e1sos k\u00eds\u00e9rik.<br \/>\nEg\u00e9sz \u00e9ven \u00e1t \u00fczemel\u0151 sz\u00f3r\u00f3inkkal nem csak az eredm\u00e9nyesebb vad\u00e1szatot k\u00edv\u00e1njuk szolg\u00e1lni, hanem lehet\u0151s\u00e9get biztos\u00edtunk vad\u00e1llom\u00e1nyunk r\u00e9sz\u00e9re, hogy \u00e1t tudj\u00e1k v\u00e9szelni a n\u00e9ha igen kem\u00e9ny telet. Tisztelettel v\u00e1rjuk visszat\u00e9r\u0151 \u00e9s \u00faj vend\u00e9geinket a m\u00e1jusi \u0151zbak vad\u00e1szatra, szeptemberi szarvas b\u0151g\u00e9sre \u00e9s sz\u00f3r\u00f3s vaddiszn\u00f3 vad\u00e1szatainkra.<\/p>\n","protected":false},"excerpt":{"rendered":"<p>Kedves L\u00e1togat\u00f3! Vad\u00e1szt\u00e1rsas\u00e1gunk c\u00e9lul t\u0171zte ki az el\u0151deink \u00e1ltal r\u00e1nk hagyott \u00e9rt\u00e9kes vad\u00e1llom\u00e1nyt c\u00e9ltudatos \u00e9s min\u0151s\u00e9gi vadgazd\u00e1lkod\u00e1ssal nemcsak, hogy meg\u0151rizze hanem lehet\u0151s\u00e9geihez k\u00e9pest fejlessze is. Fontos feladatunk a szoros \u00e9s j\u00f3 kapcsolat a helyi gazd\u00e1lkod\u00f3kkal, illetve az itt \u00e9l\u0151 gyerekekkel, fiatalokkal megszerettesse, megismertesse a vad\u00e1szatot, az erd\u0151t, saj\u00e1t k\u00f6rnyezet\u00fcket, megmutassa ezek sz\u00e9ps\u00e9geit, v\u00e9delm\u00fck fontoss\u00e1g\u00e1t. A &hellip; <\/p>\n<p><a class=\"more-link btn\" href=\"https:\/\/darocivt.hu\/\">Olvass tov\u00e1bb<\/a><\/p>\n","protected":false},"author":3,"featured_media":0,"parent":0,"menu_order":0,"comment_status":"closed","ping_status":"closed","template":"","meta":{"footnotes":""},"class_list":["post-17","page","type-page","status-publish","hentry","nodate","item-wrap"],"_links":{"self":[{"href":"https:\/\/darocivt.hu\/index.php?rest_route=\/wp\/v2\/pages\/17","targetHints":{"allow":["GET"]}}],"collection":[{"href":"https:\/\/darocivt.hu\/index.php?rest_route=\/wp\/v2\/pages"}],"about":[{"href":"https:\/\/darocivt.hu\/index.php?rest_route=\/wp\/v2\/types\/page"}],"author":[{"embeddable":true,"href":"https:\/\/darocivt.hu\/index.php?rest_route=\/wp\/v2\/users\/3"}],"replies":[{"embeddable":true,"href":"https:\/\/darocivt.hu\/index.php?rest_route=%2Fwp%2Fv2%2Fcomments&post=17"}],"version-history":[{"count":3,"href":"https:\/\/darocivt.hu\/index.php?rest_route=\/wp\/v2\/pages\/17\/revisions"}],"predecessor-version":[{"id":600,"href":"https:\/\/darocivt.hu\/index.php?rest_route=\/wp\/v2\/pages\/17\/revisions\/600"}],"wp:attachment":[{"href":"https:\/\/darocivt.hu\/index.php?rest_route=%2Fwp%2Fv2%2Fmedia&parent=17"}],"curies":[{"name":"wp","href":"https:\/\/api.w.org\/{rel}","templated":true}]}}